{"id":2,"date":"2023-10-18T10:47:07","date_gmt":"2023-10-18T08:47:07","guid":{"rendered":"http:\/\/nowa.meritum.mielec.pl\/?page_id=2"},"modified":"2023-10-19T12:45:27","modified_gmt":"2023-10-19T10:45:27","slug":"przykladowa-strona","status":"publish","type":"page","link":"http:\/\/meritum.mielec.pl\/","title":{"rendered":"Witamy"},"content":{"rendered":"\n<figure class=\"wp-block-image size-large\"><img fetchpriority=\"high\" decoding=\"async\" width=\"1024\" height=\"686\" src=\"http:\/\/nowa.meritum.mielec.pl\/wp-content\/uploads\/2023\/10\/industrial-1636390_1280-1024x686.jpg\" alt=\"\" class=\"wp-image-23\"\/><\/figure>\n\n\n\n<p>Firma&nbsp;<strong>meritum&nbsp;<\/strong>jest firm\u0105, kt\u00f3ra \u015bwiadczy us\u0142ugi w dziedzinie bhp, ochrony przeciwpo\u017carowej oraz w dziedzinie ochrony \u015brodowiska, na rzecz polskich przedsi\u0119biorstw od 2007 roku.<\/p>\n\n\n\n<blockquote class=\"wp-block-quote is-layout-flow wp-block-quote-is-layout-flow\">\n<p>W ramach prowadzonej dzia\u0142alno\u015bci gospodarczej firma prowadzi w pe\u0142nym zakresie dokumentacj\u0119 BHP oraz dokumentacj\u0119 ochrony \u015brodowiska. Firma \u015bwiadczy r\u00f3wnie\u017c us\u0142ugi w zakresie ochrony przeciwpo\u017carowej wynikaj\u0105cej z ustawy o ochronie przeciwpo\u017carowej.<br>Szczeg\u00f3\u0142owy zakres \u015bwiadczonych us\u0142ug mo\u017cecie Pa\u0144stwo znale\u017a\u0107 w zak\u0142adkach tematycznych:&nbsp;<a href=\"https:\/\/meritum.mielec.pl\/ochrona.html\">ochrona \u015brodowiska<\/a>&nbsp;oraz&nbsp;<a href=\"https:\/\/meritum.mielec.pl\/bhp.html\">bhp i p.po\u017c.<\/a><\/p>\n<\/blockquote>\n\n\n\n<p>Korzystaj\u0105c z zak\u0142adki&nbsp;<a href=\"https:\/\/meritum.mielec.pl\/kontakt.html\">KONTAKT<\/a>&nbsp;mo\u017cecie Pa\u0144stwo przes\u0142a\u0107 wiadomo\u015b\u0107 elektroniczn\u0105, a na pewno si\u0119 z Wami skontaktujemy.<\/p>\n\n\n\n<blockquote class=\"wp-block-quote is-layout-flow wp-block-quote-is-layout-flow\">\n<p>Korzystaj\u0105c z nowoczesnych technologii przesy\u0142ania danych, pragn\u0105c spe\u0142ni\u0107 oczekiwania klient\u00f3w, stworzyli\u015bmy mo\u017cliwo\u015b\u0107 skorzystania z naszej oferty na zasadzie outsourcingu. Naszym celem jest profesjonalna i szybka pomoc podmiotom gospodarczym. Pozwala to na popraw\u0119 standard\u00f3w bezpiecze\u0144stwa pracy oraz bezpiecze\u0144stwa \u015brodowiska w obs\u0142ugiwanych zak\u0142adach pracy.<br>Nasz\u0105 dzia\u0142alno\u015b\u0107 prowadzimy na terenie wojew\u00f3dztwa podkarpackiego oraz \u015bl\u0105skiego.<\/p>\n<\/blockquote>\n\n\n\n<p>W razie potrzeby do naszych klient\u00f3w doje\u017cd\u017camy na w\u0142asny koszt.<\/p>\n\n\n\n<p>Serdecznie zapraszamy do wsp\u00f3\u0142pracy !<\/p>\n","protected":false},"excerpt":{"rendered":"<p>Firma&nbsp;meritum&nbsp;jest firm\u0105, kt\u00f3ra \u015bwiadczy us\u0142ugi w dziedzinie bhp, ochrony przeciwpo\u017carowej oraz w dziedzinie ochrony \u015brodowiska, na rzecz polskich przedsi\u0119biorstw od 2007 roku.<\/p>\n<p>W ramach prowadzonej dzia\u0142alno\u015bci gospodarczej firma prowadzi w pe\u0142nym &#8230;<\/p>\n","protected":false},"author":1,"featured_media":0,"parent":0,"menu_order":0,"comment_status":"closed","ping_status":"open","template":"","meta":{"footnotes":""},"class_list":["post-2","page","type-page","status-publish","hentry"],"yoast_head":"<!-- This site is optimized with the Yoast SEO plugin v26.7 - https:\/\/yoast.com\/wordpress\/plugins\/seo\/ -->\n<title>Witamy - MERITUM<\/title>\n<meta name=\"robots\" content=\"index, follow, max-snippet:-1, max-image-preview:large, max-video-preview:-1\" \/>\n<link rel=\"canonical\" href=\"https:\/\/meritum.mielec.pl\/\" \/>\n<meta property=\"og:locale\" content=\"pl_PL\" \/>\n<meta property=\"og:type\" content=\"article\" \/>\n<meta property=\"og:title\" content=\"Witamy - MERITUM\" \/>\n<meta property=\"og:description\" content=\"Firma&nbsp;meritum&nbsp;jest firm\u0105, kt\u00f3ra \u015bwiadczy us\u0142ugi w dziedzinie bhp, ochrony przeciwpo\u017carowej oraz w dziedzinie ochrony \u015brodowiska, na rzecz polskich przedsi\u0119biorstw od 2007 roku.   W ramach prowadzonej dzia\u0142alno\u015bci gospodarczej firma prowadzi w pe\u0142nym ...\" \/>\n<meta property=\"og:url\" content=\"https:\/\/meritum.mielec.pl\/\" \/>\n<meta property=\"og:site_name\" content=\"MERITUM\" \/>\n<meta property=\"article:modified_time\" content=\"2023-10-19T10:45:27+00:00\" \/>\n<meta property=\"og:image\" content=\"http:\/\/nowa.meritum.mielec.pl\/wp-content\/uploads\/2023\/10\/industrial-1636390_1280-1024x686.jpg\" \/>\n<meta name=\"twitter:card\" content=\"summary_large_image\" \/>\n<meta name=\"twitter:label1\" content=\"Szacowany czas czytania\" \/>\n\t<meta name=\"twitter:data1\" content=\"1 minuta\" \/>\n<script type=\"application\/ld+json\" class=\"yoast-schema-graph\">{\"@context\":\"https:\/\/schema.org\",\"@graph\":[{\"@type\":\"WebPage\",\"@id\":\"https:\/\/meritum.mielec.pl\/\",\"url\":\"https:\/\/meritum.mielec.pl\/\",\"name\":\"Witamy - MERITUM\",\"isPartOf\":{\"@id\":\"https:\/\/meritum.mielec.pl\/#website\"},\"primaryImageOfPage\":{\"@id\":\"https:\/\/meritum.mielec.pl\/#primaryimage\"},\"image\":{\"@id\":\"https:\/\/meritum.mielec.pl\/#primaryimage\"},\"thumbnailUrl\":\"http:\/\/nowa.meritum.mielec.pl\/wp-content\/uploads\/2023\/10\/industrial-1636390_1280-1024x686.jpg\",\"datePublished\":\"2023-10-18T08:47:07+00:00\",\"dateModified\":\"2023-10-19T10:45:27+00:00\",\"breadcrumb\":{\"@id\":\"https:\/\/meritum.mielec.pl\/#breadcrumb\"},\"inLanguage\":\"pl-PL\",\"potentialAction\":[{\"@type\":\"ReadAction\",\"target\":[\"https:\/\/meritum.mielec.pl\/\"]}]},{\"@type\":\"ImageObject\",\"inLanguage\":\"pl-PL\",\"@id\":\"https:\/\/meritum.mielec.pl\/#primaryimage\",\"url\":\"http:\/\/nowa.meritum.mielec.pl\/wp-content\/uploads\/2023\/10\/industrial-1636390_1280-1024x686.jpg\",\"contentUrl\":\"http:\/\/nowa.meritum.mielec.pl\/wp-content\/uploads\/2023\/10\/industrial-1636390_1280-1024x686.jpg\"},{\"@type\":\"BreadcrumbList\",\"@id\":\"https:\/\/meritum.mielec.pl\/#breadcrumb\",\"itemListElement\":[{\"@type\":\"ListItem\",\"position\":1,\"name\":\"Home\",\"item\":\"https:\/\/meritum.mielec.pl\/\"},{\"@type\":\"ListItem\",\"position\":2,\"name\":\"Witamy\"}]},{\"@type\":\"WebSite\",\"@id\":\"https:\/\/meritum.mielec.pl\/#website\",\"url\":\"https:\/\/meritum.mielec.pl\/\",\"name\":\"MERITUM\",\"description\":\"ochrona \u015brodowiska\",\"publisher\":{\"@id\":\"https:\/\/meritum.mielec.pl\/#organization\"},\"potentialAction\":[{\"@type\":\"SearchAction\",\"target\":{\"@type\":\"EntryPoint\",\"urlTemplate\":\"https:\/\/meritum.mielec.pl\/?s={search_term_string}\"},\"query-input\":{\"@type\":\"PropertyValueSpecification\",\"valueRequired\":true,\"valueName\":\"search_term_string\"}}],\"inLanguage\":\"pl-PL\"},{\"@type\":\"Organization\",\"@id\":\"https:\/\/meritum.mielec.pl\/#organization\",\"name\":\"MERITUM\",\"url\":\"https:\/\/meritum.mielec.pl\/\",\"logo\":{\"@type\":\"ImageObject\",\"inLanguage\":\"pl-PL\",\"@id\":\"https:\/\/meritum.mielec.pl\/#\/schema\/logo\/image\/\",\"url\":\"http:\/\/meritum.mielec.pl\/wp-content\/uploads\/2023\/11\/cropped-Meritum-logo-scaled-1.jpg\",\"contentUrl\":\"http:\/\/meritum.mielec.pl\/wp-content\/uploads\/2023\/11\/cropped-Meritum-logo-scaled-1.jpg\",\"width\":2560,\"height\":532,\"caption\":\"MERITUM\"},\"image\":{\"@id\":\"https:\/\/meritum.mielec.pl\/#\/schema\/logo\/image\/\"}}]}<\/script>\n<!-- \/ Yoast SEO plugin. -->","yoast_head_json":{"title":"Witamy - MERITUM","robots":{"index":"index","follow":"follow","max-snippet":"max-snippet:-1","max-image-preview":"max-image-preview:large","max-video-preview":"max-video-preview:-1"},"canonical":"https:\/\/meritum.mielec.pl\/","og_locale":"pl_PL","og_type":"article","og_title":"Witamy - MERITUM","og_description":"Firma&nbsp;meritum&nbsp;jest firm\u0105, kt\u00f3ra \u015bwiadczy us\u0142ugi w dziedzinie bhp, ochrony przeciwpo\u017carowej oraz w dziedzinie ochrony \u015brodowiska, na rzecz polskich przedsi\u0119biorstw od 2007 roku.   W ramach prowadzonej dzia\u0142alno\u015bci gospodarczej firma prowadzi w pe\u0142nym ...","og_url":"https:\/\/meritum.mielec.pl\/","og_site_name":"MERITUM","article_modified_time":"2023-10-19T10:45:27+00:00","og_image":[{"url":"http:\/\/nowa.meritum.mielec.pl\/wp-content\/uploads\/2023\/10\/industrial-1636390_1280-1024x686.jpg","type":"","width":"","height":""}],"twitter_card":"summary_large_image","twitter_misc":{"Szacowany czas czytania":"1 minuta"},"schema":{"@context":"https:\/\/schema.org","@graph":[{"@type":"WebPage","@id":"https:\/\/meritum.mielec.pl\/","url":"https:\/\/meritum.mielec.pl\/","name":"Witamy - MERITUM","isPartOf":{"@id":"https:\/\/meritum.mielec.pl\/#website"},"primaryImageOfPage":{"@id":"https:\/\/meritum.mielec.pl\/#primaryimage"},"image":{"@id":"https:\/\/meritum.mielec.pl\/#primaryimage"},"thumbnailUrl":"http:\/\/nowa.meritum.mielec.pl\/wp-content\/uploads\/2023\/10\/industrial-1636390_1280-1024x686.jpg","datePublished":"2023-10-18T08:47:07+00:00","dateModified":"2023-10-19T10:45:27+00:00","breadcrumb":{"@id":"https:\/\/meritum.mielec.pl\/#breadcrumb"},"inLanguage":"pl-PL","potentialAction":[{"@type":"ReadAction","target":["https:\/\/meritum.mielec.pl\/"]}]},{"@type":"ImageObject","inLanguage":"pl-PL","@id":"https:\/\/meritum.mielec.pl\/#primaryimage","url":"http:\/\/nowa.meritum.mielec.pl\/wp-content\/uploads\/2023\/10\/industrial-1636390_1280-1024x686.jpg","contentUrl":"http:\/\/nowa.meritum.mielec.pl\/wp-content\/uploads\/2023\/10\/industrial-1636390_1280-1024x686.jpg"},{"@type":"BreadcrumbList","@id":"https:\/\/meritum.mielec.pl\/#breadcrumb","itemListElement":[{"@type":"ListItem","position":1,"name":"Home","item":"https:\/\/meritum.mielec.pl\/"},{"@type":"ListItem","position":2,"name":"Witamy"}]},{"@type":"WebSite","@id":"https:\/\/meritum.mielec.pl\/#website","url":"https:\/\/meritum.mielec.pl\/","name":"MERITUM","description":"ochrona \u015brodowiska","publisher":{"@id":"https:\/\/meritum.mielec.pl\/#organization"},"potentialAction":[{"@type":"SearchAction","target":{"@type":"EntryPoint","urlTemplate":"https:\/\/meritum.mielec.pl\/?s={search_term_string}"},"query-input":{"@type":"PropertyValueSpecification","valueRequired":true,"valueName":"search_term_string"}}],"inLanguage":"pl-PL"},{"@type":"Organization","@id":"https:\/\/meritum.mielec.pl\/#organization","name":"MERITUM","url":"https:\/\/meritum.mielec.pl\/","logo":{"@type":"ImageObject","inLanguage":"pl-PL","@id":"https:\/\/meritum.mielec.pl\/#\/schema\/logo\/image\/","url":"http:\/\/meritum.mielec.pl\/wp-content\/uploads\/2023\/11\/cropped-Meritum-logo-scaled-1.jpg","contentUrl":"http:\/\/meritum.mielec.pl\/wp-content\/uploads\/2023\/11\/cropped-Meritum-logo-scaled-1.jpg","width":2560,"height":532,"caption":"MERITUM"},"image":{"@id":"https:\/\/meritum.mielec.pl\/#\/schema\/logo\/image\/"}}]}},"_links":{"self":[{"href":"http:\/\/meritum.mielec.pl\/index.php?rest_route=\/wp\/v2\/pages\/2","targetHints":{"allow":["GET"]}}],"collection":[{"href":"http:\/\/meritum.mielec.pl\/index.php?rest_route=\/wp\/v2\/pages"}],"about":[{"href":"http:\/\/meritum.mielec.pl\/index.php?rest_route=\/wp\/v2\/types\/page"}],"author":[{"embeddable":true,"href":"http:\/\/meritum.mielec.pl\/index.php?rest_route=\/wp\/v2\/users\/1"}],"replies":[{"embeddable":true,"href":"http:\/\/meritum.mielec.pl\/index.php?rest_route=%2Fwp%2Fv2%2Fcomments&post=2"}],"version-history":[{"count":2,"href":"http:\/\/meritum.mielec.pl\/index.php?rest_route=\/wp\/v2\/pages\/2\/revisions"}],"predecessor-version":[{"id":79,"href":"http:\/\/meritum.mielec.pl\/index.php?rest_route=\/wp\/v2\/pages\/2\/revisions\/79"}],"wp:attachment":[{"href":"http:\/\/meritum.mielec.pl\/index.php?rest_route=%2Fwp%2Fv2%2Fmedia&parent=2"}],"curies":[{"name":"wp","href":"https:\/\/api.w.org\/{rel}","templated":true}]}}