{"id":133,"date":"2023-11-10T15:13:22","date_gmt":"2023-11-10T14:13:22","guid":{"rendered":"http:\/\/nowa.meritum.mielec.pl\/?page_id=133"},"modified":"2025-12-02T17:47:33","modified_gmt":"2025-12-02T16:47:33","slug":"zarzadzanie-srodowiskowe-iso14001","status":"publish","type":"page","link":"http:\/\/meritum.mielec.pl\/?page_id=133","title":{"rendered":"Zarz\u0105dzanie \u015brodowiskowe ISO 14001"},"content":{"rendered":"\n<p>Norma ISO 14001 okre\u015bla wymagania dla Systemu Zarz\u0105dzania \u015arodowiskowego (SZ\u015a) i jest standardem dla organizacji chc\u0105cych efektywnie zarz\u0105dza\u0107 swoim wp\u0142ywem na \u015brodowisko. Pomaga firmom identyfikowa\u0107 aspekty \u015brodowiskowe, ustala\u0107 cele, wdra\u017ca\u0107 dzia\u0142ania poprawiaj\u0105ce efektywno\u015b\u0107 ekologiczn\u0105, a tym samym ograniczy\u0107 negatywny wp\u0142yw na \u015brodowisko i wspiera\u0107 zr\u00f3wnowa\u017cony rozw\u00f3j.<\/p>\n","protected":false},"excerpt":{"rendered":"<p>Norma ISO 14001 okre\u015bla wymagania dla Systemu Zarz\u0105dzania \u015arodowiskowego (SZ\u015a) i jest standardem dla organizacji chc\u0105cych efektywnie zarz\u0105dza\u0107 swoim wp\u0142ywem na \u015brodowisko. Pomaga firmom identyfikowa\u0107 aspekty \u015brodowiskowe, ustala\u0107 cele, wdra\u017ca\u0107 &#8230;<\/p>\n","protected":false},"author":1,"featured_media":0,"parent":0,"menu_order":0,"comment_status":"closed","ping_status":"closed","template":"","meta":{"footnotes":""},"class_list":["post-133","page","type-page","status-publish","hentry"],"yoast_head":"<!-- This site is optimized with the Yoast SEO plugin v26.7 - https:\/\/yoast.com\/wordpress\/plugins\/seo\/ -->\n<title>Zarz\u0105dzanie \u015brodowiskowe ISO 14001 - MERITUM<\/title>\n<meta name=\"robots\" content=\"index, follow, max-snippet:-1, max-image-preview:large, max-video-preview:-1\" \/>\n<link rel=\"canonical\" href=\"http:\/\/meritum.mielec.pl\/?page_id=133\" \/>\n<meta property=\"og:locale\" content=\"pl_PL\" \/>\n<meta property=\"og:type\" content=\"article\" \/>\n<meta property=\"og:title\" content=\"Zarz\u0105dzanie \u015brodowiskowe ISO 14001 - MERITUM\" \/>\n<meta property=\"og:description\" content=\"Norma ISO 14001 okre\u015bla wymagania dla Systemu Zarz\u0105dzania \u015arodowiskowego (SZ\u015a) i jest standardem dla organizacji chc\u0105cych efektywnie zarz\u0105dza\u0107 swoim wp\u0142ywem na \u015brodowisko. Pomaga firmom identyfikowa\u0107 aspekty \u015brodowiskowe, ustala\u0107 cele, wdra\u017ca\u0107 ...\" \/>\n<meta property=\"og:url\" content=\"http:\/\/meritum.mielec.pl\/?page_id=133\" \/>\n<meta property=\"og:site_name\" content=\"MERITUM\" \/>\n<meta property=\"article:modified_time\" content=\"2025-12-02T16:47:33+00:00\" \/>\n<meta name=\"twitter:card\" content=\"summary_large_image\" \/>\n<meta name=\"twitter:label1\" content=\"Szacowany czas czytania\" \/>\n\t<meta name=\"twitter:data1\" content=\"1 minuta\" \/>\n<script type=\"application\/ld+json\" class=\"yoast-schema-graph\">{\"@context\":\"https:\/\/schema.org\",\"@graph\":[{\"@type\":\"WebPage\",\"@id\":\"http:\/\/meritum.mielec.pl\/?page_id=133\",\"url\":\"http:\/\/meritum.mielec.pl\/?page_id=133\",\"name\":\"Zarz\u0105dzanie \u015brodowiskowe ISO 14001 - MERITUM\",\"isPartOf\":{\"@id\":\"https:\/\/meritum.mielec.pl\/#website\"},\"datePublished\":\"2023-11-10T14:13:22+00:00\",\"dateModified\":\"2025-12-02T16:47:33+00:00\",\"breadcrumb\":{\"@id\":\"http:\/\/meritum.mielec.pl\/?page_id=133#breadcrumb\"},\"inLanguage\":\"pl-PL\",\"potentialAction\":[{\"@type\":\"ReadAction\",\"target\":[\"http:\/\/meritum.mielec.pl\/?page_id=133\"]}]},{\"@type\":\"BreadcrumbList\",\"@id\":\"http:\/\/meritum.mielec.pl\/?page_id=133#breadcrumb\",\"itemListElement\":[{\"@type\":\"ListItem\",\"position\":1,\"name\":\"Home\",\"item\":\"https:\/\/meritum.mielec.pl\/\"},{\"@type\":\"ListItem\",\"position\":2,\"name\":\"Zarz\u0105dzanie \u015brodowiskowe ISO 14001\"}]},{\"@type\":\"WebSite\",\"@id\":\"https:\/\/meritum.mielec.pl\/#website\",\"url\":\"https:\/\/meritum.mielec.pl\/\",\"name\":\"MERITUM\",\"description\":\"ochrona \u015brodowiska\",\"publisher\":{\"@id\":\"https:\/\/meritum.mielec.pl\/#organization\"},\"potentialAction\":[{\"@type\":\"SearchAction\",\"target\":{\"@type\":\"EntryPoint\",\"urlTemplate\":\"https:\/\/meritum.mielec.pl\/?s={search_term_string}\"},\"query-input\":{\"@type\":\"PropertyValueSpecification\",\"valueRequired\":true,\"valueName\":\"search_term_string\"}}],\"inLanguage\":\"pl-PL\"},{\"@type\":\"Organization\",\"@id\":\"https:\/\/meritum.mielec.pl\/#organization\",\"name\":\"MERITUM\",\"url\":\"https:\/\/meritum.mielec.pl\/\",\"logo\":{\"@type\":\"ImageObject\",\"inLanguage\":\"pl-PL\",\"@id\":\"https:\/\/meritum.mielec.pl\/#\/schema\/logo\/image\/\",\"url\":\"http:\/\/meritum.mielec.pl\/wp-content\/uploads\/2023\/11\/cropped-Meritum-logo-scaled-1.jpg\",\"contentUrl\":\"http:\/\/meritum.mielec.pl\/wp-content\/uploads\/2023\/11\/cropped-Meritum-logo-scaled-1.jpg\",\"width\":2560,\"height\":532,\"caption\":\"MERITUM\"},\"image\":{\"@id\":\"https:\/\/meritum.mielec.pl\/#\/schema\/logo\/image\/\"}}]}<\/script>\n<!-- \/ Yoast SEO plugin. -->","yoast_head_json":{"title":"Zarz\u0105dzanie \u015brodowiskowe ISO 14001 - MERITUM","robots":{"index":"index","follow":"follow","max-snippet":"max-snippet:-1","max-image-preview":"max-image-preview:large","max-video-preview":"max-video-preview:-1"},"canonical":"http:\/\/meritum.mielec.pl\/?page_id=133","og_locale":"pl_PL","og_type":"article","og_title":"Zarz\u0105dzanie \u015brodowiskowe ISO 14001 - MERITUM","og_description":"Norma ISO 14001 okre\u015bla wymagania dla Systemu Zarz\u0105dzania \u015arodowiskowego (SZ\u015a) i jest standardem dla organizacji chc\u0105cych efektywnie zarz\u0105dza\u0107 swoim wp\u0142ywem na \u015brodowisko. Pomaga firmom identyfikowa\u0107 aspekty \u015brodowiskowe, ustala\u0107 cele, wdra\u017ca\u0107 ...","og_url":"http:\/\/meritum.mielec.pl\/?page_id=133","og_site_name":"MERITUM","article_modified_time":"2025-12-02T16:47:33+00:00","twitter_card":"summary_large_image","twitter_misc":{"Szacowany czas czytania":"1 minuta"},"schema":{"@context":"https:\/\/schema.org","@graph":[{"@type":"WebPage","@id":"http:\/\/meritum.mielec.pl\/?page_id=133","url":"http:\/\/meritum.mielec.pl\/?page_id=133","name":"Zarz\u0105dzanie \u015brodowiskowe ISO 14001 - MERITUM","isPartOf":{"@id":"https:\/\/meritum.mielec.pl\/#website"},"datePublished":"2023-11-10T14:13:22+00:00","dateModified":"2025-12-02T16:47:33+00:00","breadcrumb":{"@id":"http:\/\/meritum.mielec.pl\/?page_id=133#breadcrumb"},"inLanguage":"pl-PL","potentialAction":[{"@type":"ReadAction","target":["http:\/\/meritum.mielec.pl\/?page_id=133"]}]},{"@type":"BreadcrumbList","@id":"http:\/\/meritum.mielec.pl\/?page_id=133#breadcrumb","itemListElement":[{"@type":"ListItem","position":1,"name":"Home","item":"https:\/\/meritum.mielec.pl\/"},{"@type":"ListItem","position":2,"name":"Zarz\u0105dzanie \u015brodowiskowe ISO 14001"}]},{"@type":"WebSite","@id":"https:\/\/meritum.mielec.pl\/#website","url":"https:\/\/meritum.mielec.pl\/","name":"MERITUM","description":"ochrona \u015brodowiska","publisher":{"@id":"https:\/\/meritum.mielec.pl\/#organization"},"potentialAction":[{"@type":"SearchAction","target":{"@type":"EntryPoint","urlTemplate":"https:\/\/meritum.mielec.pl\/?s={search_term_string}"},"query-input":{"@type":"PropertyValueSpecification","valueRequired":true,"valueName":"search_term_string"}}],"inLanguage":"pl-PL"},{"@type":"Organization","@id":"https:\/\/meritum.mielec.pl\/#organization","name":"MERITUM","url":"https:\/\/meritum.mielec.pl\/","logo":{"@type":"ImageObject","inLanguage":"pl-PL","@id":"https:\/\/meritum.mielec.pl\/#\/schema\/logo\/image\/","url":"http:\/\/meritum.mielec.pl\/wp-content\/uploads\/2023\/11\/cropped-Meritum-logo-scaled-1.jpg","contentUrl":"http:\/\/meritum.mielec.pl\/wp-content\/uploads\/2023\/11\/cropped-Meritum-logo-scaled-1.jpg","width":2560,"height":532,"caption":"MERITUM"},"image":{"@id":"https:\/\/meritum.mielec.pl\/#\/schema\/logo\/image\/"}}]}},"_links":{"self":[{"href":"http:\/\/meritum.mielec.pl\/index.php?rest_route=\/wp\/v2\/pages\/133","targetHints":{"allow":["GET"]}}],"collection":[{"href":"http:\/\/meritum.mielec.pl\/index.php?rest_route=\/wp\/v2\/pages"}],"about":[{"href":"http:\/\/meritum.mielec.pl\/index.php?rest_route=\/wp\/v2\/types\/page"}],"author":[{"embeddable":true,"href":"http:\/\/meritum.mielec.pl\/index.php?rest_route=\/wp\/v2\/users\/1"}],"replies":[{"embeddable":true,"href":"http:\/\/meritum.mielec.pl\/index.php?rest_route=%2Fwp%2Fv2%2Fcomments&post=133"}],"version-history":[{"count":3,"href":"http:\/\/meritum.mielec.pl\/index.php?rest_route=\/wp\/v2\/pages\/133\/revisions"}],"predecessor-version":[{"id":155,"href":"http:\/\/meritum.mielec.pl\/index.php?rest_route=\/wp\/v2\/pages\/133\/revisions\/155"}],"wp:attachment":[{"href":"http:\/\/meritum.mielec.pl\/index.php?rest_route=%2Fwp%2Fv2%2Fmedia&parent=133"}],"curies":[{"name":"wp","href":"https:\/\/api.w.org\/{rel}","templated":true}]}}