{"id":131,"date":"2023-11-10T15:12:49","date_gmt":"2023-11-10T14:12:49","guid":{"rendered":"http:\/\/nowa.meritum.mielec.pl\/?page_id=131"},"modified":"2025-12-02T17:47:00","modified_gmt":"2025-12-02T16:47:00","slug":"pozwolenia","status":"publish","type":"page","link":"http:\/\/meritum.mielec.pl\/?page_id=131","title":{"rendered":"Pozwolenia"},"content":{"rendered":"\n<p>W Polsce do prowadzenia dzia\u0142alno\u015bci wp\u0142ywaj\u0105cej na \u015brodowisko wymagane s\u0105 pozwolenia lub zezwolenia, kt\u00f3re wydawane s\u0105 na wniosek i dotycz\u0105 r\u00f3\u017cnych obszar\u00f3w, takich jak emisja do powietrza, wytwarzanie odpad\u00f3w, czy zbieranie i przetwarzanie odpad\u00f3w. Rodzaj i organ wydaj\u0105cy pozwolenie zale\u017c\u0105 od charakteru dzia\u0142alno\u015bci, jej skali oraz rodzaju wprowadzanych do \u015brodowiska substancji.\u00a0<\/p>\n\n\n\n<p>Rodzaje pozwole\u0144 i zezwole\u0144 \u015brodowiskowych:<\/p>\n\n\n\n<ul class=\"wp-block-list\">\n<li>Pozwolenie zintegrowane: to decyzja administracyjna, kt\u00f3ra \u0142\u0105czy w jednej procedurze kilka r\u00f3\u017cnych pozwole\u0144 \u015brodowiskowych potrzebnych do funkcjonowania instalacji mog\u0105cych znacz\u0105co oddzia\u0142ywa\u0107 na \u015brodowisko. Dokument ten reguluje wszystkie aspekty dzia\u0142alno\u015bci takiej instalacji, okre\u015blaj\u0105c zasady wprowadzania gaz\u00f3w lub py\u0142\u00f3w do powietrza, odprowadzania \u015bciek\u00f3w, gospodarowania odpadami, emisji ha\u0142asu, a tak\u017ce poboru w\u00f3d.<\/li>\n\n\n\n<li>Pozwolenia emisyjne (na wprowadzanie gaz\u00f3w lub py\u0142\u00f3w do powietrza): Pozwalaj\u0105 na wprowadzanie do atmosfery okre\u015blonych substancji w zwi\u0105zku z prowadzon\u0105 dzia\u0142alno\u015bci\u0105. Wymagane s\u0105 przy emisji zanieczyszcze\u0144 do atmosfery, kt\u00f3rej skala przekracza okre\u015blone w przepisach limity.\u00a0<\/li>\n\n\n\n<li>Zezwolenie na zbieranie odpad\u00f3w: Wymagane dla firm, kt\u00f3re zajmuj\u0105 si\u0119 magazynowaniem i gromadzeniem odpad\u00f3w. Zezwolenie to okre\u015bla m.in. miejsce i spos\u00f3b magazynowania odpad\u00f3w.\u00a0<\/li>\n\n\n\n<li>Zezwolenie na przetwarzanie odpad\u00f3w: Wymagane dla firm, kt\u00f3re prowadz\u0105 dzia\u0142alno\u015b\u0107 polegaj\u0105ca na odzysku lub unieszkodliwianiu odpad\u00f3w. Zezwolenie to zawiera m.in. szczeg\u00f3\u0142owy opis stosowanych metod przetwarzania, opis instalacji i urz\u0105dze\u0144.<\/li>\n\n\n\n<li>Pozwolenie na wytwarzanie odpad\u00f3w: Wymagane, gdy w zwi\u0105zku z prowadzon\u0105 instalacj\u0105 powstaj\u0105 odpady w ilo\u015bci przekraczaj\u0105cej roczny limit (powy\u017cej 1 tony odpad\u00f3w niebezpiecznych lub 5000 ton odpad\u00f3w innych ni\u017c niebezpieczne).<\/li>\n<\/ul>\n","protected":false},"excerpt":{"rendered":"<p>W Polsce do prowadzenia dzia\u0142alno\u015bci wp\u0142ywaj\u0105cej na \u015brodowisko wymagane s\u0105 pozwolenia lub zezwolenia, kt\u00f3re wydawane s\u0105 na wniosek i dotycz\u0105 r\u00f3\u017cnych obszar\u00f3w, takich jak emisja do powietrza, wytwarzanie odpad\u00f3w, czy &#8230;<\/p>\n","protected":false},"author":1,"featured_media":0,"parent":0,"menu_order":0,"comment_status":"closed","ping_status":"closed","template":"","meta":{"footnotes":""},"class_list":["post-131","page","type-page","status-publish","hentry"],"yoast_head":"<!-- This site is optimized with the Yoast SEO plugin v26.7 - https:\/\/yoast.com\/wordpress\/plugins\/seo\/ -->\n<title>Pozwolenia - MERITUM<\/title>\n<meta name=\"robots\" content=\"index, follow, max-snippet:-1, max-image-preview:large, max-video-preview:-1\" \/>\n<link rel=\"canonical\" href=\"http:\/\/meritum.mielec.pl\/?page_id=131\" \/>\n<meta property=\"og:locale\" content=\"pl_PL\" \/>\n<meta property=\"og:type\" content=\"article\" \/>\n<meta property=\"og:title\" content=\"Pozwolenia - MERITUM\" \/>\n<meta property=\"og:description\" content=\"W Polsce do prowadzenia dzia\u0142alno\u015bci wp\u0142ywaj\u0105cej na \u015brodowisko wymagane s\u0105 pozwolenia lub zezwolenia, kt\u00f3re wydawane s\u0105 na wniosek i dotycz\u0105 r\u00f3\u017cnych obszar\u00f3w, takich jak emisja do powietrza, wytwarzanie odpad\u00f3w, czy ...\" \/>\n<meta property=\"og:url\" content=\"http:\/\/meritum.mielec.pl\/?page_id=131\" \/>\n<meta property=\"og:site_name\" content=\"MERITUM\" \/>\n<meta property=\"article:modified_time\" content=\"2025-12-02T16:47:00+00:00\" \/>\n<meta name=\"twitter:card\" content=\"summary_large_image\" \/>\n<meta name=\"twitter:label1\" content=\"Szacowany czas czytania\" \/>\n\t<meta name=\"twitter:data1\" content=\"2 minuty\" \/>\n<script type=\"application\/ld+json\" class=\"yoast-schema-graph\">{\"@context\":\"https:\/\/schema.org\",\"@graph\":[{\"@type\":\"WebPage\",\"@id\":\"http:\/\/meritum.mielec.pl\/?page_id=131\",\"url\":\"http:\/\/meritum.mielec.pl\/?page_id=131\",\"name\":\"Pozwolenia - MERITUM\",\"isPartOf\":{\"@id\":\"https:\/\/meritum.mielec.pl\/#website\"},\"datePublished\":\"2023-11-10T14:12:49+00:00\",\"dateModified\":\"2025-12-02T16:47:00+00:00\",\"breadcrumb\":{\"@id\":\"http:\/\/meritum.mielec.pl\/?page_id=131#breadcrumb\"},\"inLanguage\":\"pl-PL\",\"potentialAction\":[{\"@type\":\"ReadAction\",\"target\":[\"http:\/\/meritum.mielec.pl\/?page_id=131\"]}]},{\"@type\":\"BreadcrumbList\",\"@id\":\"http:\/\/meritum.mielec.pl\/?page_id=131#breadcrumb\",\"itemListElement\":[{\"@type\":\"ListItem\",\"position\":1,\"name\":\"Home\",\"item\":\"https:\/\/meritum.mielec.pl\/\"},{\"@type\":\"ListItem\",\"position\":2,\"name\":\"Pozwolenia\"}]},{\"@type\":\"WebSite\",\"@id\":\"https:\/\/meritum.mielec.pl\/#website\",\"url\":\"https:\/\/meritum.mielec.pl\/\",\"name\":\"MERITUM\",\"description\":\"ochrona \u015brodowiska\",\"publisher\":{\"@id\":\"https:\/\/meritum.mielec.pl\/#organization\"},\"potentialAction\":[{\"@type\":\"SearchAction\",\"target\":{\"@type\":\"EntryPoint\",\"urlTemplate\":\"https:\/\/meritum.mielec.pl\/?s={search_term_string}\"},\"query-input\":{\"@type\":\"PropertyValueSpecification\",\"valueRequired\":true,\"valueName\":\"search_term_string\"}}],\"inLanguage\":\"pl-PL\"},{\"@type\":\"Organization\",\"@id\":\"https:\/\/meritum.mielec.pl\/#organization\",\"name\":\"MERITUM\",\"url\":\"https:\/\/meritum.mielec.pl\/\",\"logo\":{\"@type\":\"ImageObject\",\"inLanguage\":\"pl-PL\",\"@id\":\"https:\/\/meritum.mielec.pl\/#\/schema\/logo\/image\/\",\"url\":\"http:\/\/meritum.mielec.pl\/wp-content\/uploads\/2023\/11\/cropped-Meritum-logo-scaled-1.jpg\",\"contentUrl\":\"http:\/\/meritum.mielec.pl\/wp-content\/uploads\/2023\/11\/cropped-Meritum-logo-scaled-1.jpg\",\"width\":2560,\"height\":532,\"caption\":\"MERITUM\"},\"image\":{\"@id\":\"https:\/\/meritum.mielec.pl\/#\/schema\/logo\/image\/\"}}]}<\/script>\n<!-- \/ Yoast SEO plugin. -->","yoast_head_json":{"title":"Pozwolenia - MERITUM","robots":{"index":"index","follow":"follow","max-snippet":"max-snippet:-1","max-image-preview":"max-image-preview:large","max-video-preview":"max-video-preview:-1"},"canonical":"http:\/\/meritum.mielec.pl\/?page_id=131","og_locale":"pl_PL","og_type":"article","og_title":"Pozwolenia - MERITUM","og_description":"W Polsce do prowadzenia dzia\u0142alno\u015bci wp\u0142ywaj\u0105cej na \u015brodowisko wymagane s\u0105 pozwolenia lub zezwolenia, kt\u00f3re wydawane s\u0105 na wniosek i dotycz\u0105 r\u00f3\u017cnych obszar\u00f3w, takich jak emisja do powietrza, wytwarzanie odpad\u00f3w, czy ...","og_url":"http:\/\/meritum.mielec.pl\/?page_id=131","og_site_name":"MERITUM","article_modified_time":"2025-12-02T16:47:00+00:00","twitter_card":"summary_large_image","twitter_misc":{"Szacowany czas czytania":"2 minuty"},"schema":{"@context":"https:\/\/schema.org","@graph":[{"@type":"WebPage","@id":"http:\/\/meritum.mielec.pl\/?page_id=131","url":"http:\/\/meritum.mielec.pl\/?page_id=131","name":"Pozwolenia - MERITUM","isPartOf":{"@id":"https:\/\/meritum.mielec.pl\/#website"},"datePublished":"2023-11-10T14:12:49+00:00","dateModified":"2025-12-02T16:47:00+00:00","breadcrumb":{"@id":"http:\/\/meritum.mielec.pl\/?page_id=131#breadcrumb"},"inLanguage":"pl-PL","potentialAction":[{"@type":"ReadAction","target":["http:\/\/meritum.mielec.pl\/?page_id=131"]}]},{"@type":"BreadcrumbList","@id":"http:\/\/meritum.mielec.pl\/?page_id=131#breadcrumb","itemListElement":[{"@type":"ListItem","position":1,"name":"Home","item":"https:\/\/meritum.mielec.pl\/"},{"@type":"ListItem","position":2,"name":"Pozwolenia"}]},{"@type":"WebSite","@id":"https:\/\/meritum.mielec.pl\/#website","url":"https:\/\/meritum.mielec.pl\/","name":"MERITUM","description":"ochrona \u015brodowiska","publisher":{"@id":"https:\/\/meritum.mielec.pl\/#organization"},"potentialAction":[{"@type":"SearchAction","target":{"@type":"EntryPoint","urlTemplate":"https:\/\/meritum.mielec.pl\/?s={search_term_string}"},"query-input":{"@type":"PropertyValueSpecification","valueRequired":true,"valueName":"search_term_string"}}],"inLanguage":"pl-PL"},{"@type":"Organization","@id":"https:\/\/meritum.mielec.pl\/#organization","name":"MERITUM","url":"https:\/\/meritum.mielec.pl\/","logo":{"@type":"ImageObject","inLanguage":"pl-PL","@id":"https:\/\/meritum.mielec.pl\/#\/schema\/logo\/image\/","url":"http:\/\/meritum.mielec.pl\/wp-content\/uploads\/2023\/11\/cropped-Meritum-logo-scaled-1.jpg","contentUrl":"http:\/\/meritum.mielec.pl\/wp-content\/uploads\/2023\/11\/cropped-Meritum-logo-scaled-1.jpg","width":2560,"height":532,"caption":"MERITUM"},"image":{"@id":"https:\/\/meritum.mielec.pl\/#\/schema\/logo\/image\/"}}]}},"_links":{"self":[{"href":"http:\/\/meritum.mielec.pl\/index.php?rest_route=\/wp\/v2\/pages\/131","targetHints":{"allow":["GET"]}}],"collection":[{"href":"http:\/\/meritum.mielec.pl\/index.php?rest_route=\/wp\/v2\/pages"}],"about":[{"href":"http:\/\/meritum.mielec.pl\/index.php?rest_route=\/wp\/v2\/types\/page"}],"author":[{"embeddable":true,"href":"http:\/\/meritum.mielec.pl\/index.php?rest_route=\/wp\/v2\/users\/1"}],"replies":[{"embeddable":true,"href":"http:\/\/meritum.mielec.pl\/index.php?rest_route=%2Fwp%2Fv2%2Fcomments&post=131"}],"version-history":[{"count":2,"href":"http:\/\/meritum.mielec.pl\/index.php?rest_route=\/wp\/v2\/pages\/131\/revisions"}],"predecessor-version":[{"id":154,"href":"http:\/\/meritum.mielec.pl\/index.php?rest_route=\/wp\/v2\/pages\/131\/revisions\/154"}],"wp:attachment":[{"href":"http:\/\/meritum.mielec.pl\/index.php?rest_route=%2Fwp%2Fv2%2Fmedia&parent=131"}],"curies":[{"name":"wp","href":"https:\/\/api.w.org\/{rel}","templated":true}]}}