{"id":125,"date":"2023-11-10T15:09:55","date_gmt":"2023-11-10T14:09:55","guid":{"rendered":"http:\/\/nowa.meritum.mielec.pl\/?page_id=125"},"modified":"2025-12-02T17:45:03","modified_gmt":"2025-12-02T16:45:03","slug":"oplaty-srodowiskowe","status":"publish","type":"page","link":"http:\/\/meritum.mielec.pl\/?page_id=125","title":{"rendered":"Op\u0142aty \u015brodowiskowe"},"content":{"rendered":"\n<p>Op\u0142aty \u015brodowiskowe, nazywane te\u017c op\u0142atami za korzystanie ze \u015brodowiska, to obowi\u0105zkowe op\u0142aty na rzecz pa\u0144stwa od firm, kt\u00f3rych dzia\u0142alno\u015b\u0107 generuje negatywny wp\u0142yw na \u015brodowisko, takich jak:&nbsp;<\/p>\n\n\n\n<ul class=\"wp-block-list\">\n<li>emisja gaz\u00f3w i py\u0142\u00f3w do powietrza: dotyczy to np. proces\u00f3w przemys\u0142owych czy spalania paliw.\u00a0<\/li>\n\n\n\n<li>sk\u0142adowanie odpad\u00f3w: op\u0142ata jest naliczana za wprowadzenie odpad\u00f3w na sk\u0142adowisko.\u00a0<\/li>\n\n\n\n<li>pob\u00f3r w\u00f3d i wprowadzanie \u015bciek\u00f3w: dzia\u0142alno\u015b\u0107 zwi\u0105zana z gospodark\u0105 wodn\u0105 r\u00f3wnie\u017c podlega op\u0142atom.<\/li>\n<\/ul>\n","protected":false},"excerpt":{"rendered":"<p>Op\u0142aty \u015brodowiskowe, nazywane te\u017c op\u0142atami za korzystanie ze \u015brodowiska, to obowi\u0105zkowe op\u0142aty na rzecz pa\u0144stwa od firm, kt\u00f3rych dzia\u0142alno\u015b\u0107 generuje negatywny wp\u0142yw na \u015brodowisko, takich jak:&nbsp;<\/p>\n<p>emisja gaz\u00f3w i py\u0142\u00f3w do &#8230;<\/p>\n","protected":false},"author":1,"featured_media":0,"parent":0,"menu_order":0,"comment_status":"closed","ping_status":"closed","template":"","meta":{"footnotes":""},"class_list":["post-125","page","type-page","status-publish","hentry"],"yoast_head":"<!-- This site is optimized with the Yoast SEO plugin v26.7 - https:\/\/yoast.com\/wordpress\/plugins\/seo\/ -->\n<title>Op\u0142aty \u015brodowiskowe - MERITUM<\/title>\n<meta name=\"robots\" content=\"index, follow, max-snippet:-1, max-image-preview:large, max-video-preview:-1\" \/>\n<link rel=\"canonical\" href=\"http:\/\/meritum.mielec.pl\/?page_id=125\" \/>\n<meta property=\"og:locale\" content=\"pl_PL\" \/>\n<meta property=\"og:type\" content=\"article\" \/>\n<meta property=\"og:title\" content=\"Op\u0142aty \u015brodowiskowe - MERITUM\" \/>\n<meta property=\"og:description\" content=\"Op\u0142aty \u015brodowiskowe, nazywane te\u017c op\u0142atami za korzystanie ze \u015brodowiska, to obowi\u0105zkowe op\u0142aty na rzecz pa\u0144stwa od firm, kt\u00f3rych dzia\u0142alno\u015b\u0107 generuje negatywny wp\u0142yw na \u015brodowisko, takich jak:&nbsp;   emisja gaz\u00f3w i py\u0142\u00f3w do ...\" \/>\n<meta property=\"og:url\" content=\"http:\/\/meritum.mielec.pl\/?page_id=125\" \/>\n<meta property=\"og:site_name\" content=\"MERITUM\" \/>\n<meta property=\"article:modified_time\" content=\"2025-12-02T16:45:03+00:00\" \/>\n<meta name=\"twitter:card\" content=\"summary_large_image\" \/>\n<meta name=\"twitter:label1\" content=\"Szacowany czas czytania\" \/>\n\t<meta name=\"twitter:data1\" content=\"1 minuta\" \/>\n<script type=\"application\/ld+json\" class=\"yoast-schema-graph\">{\"@context\":\"https:\/\/schema.org\",\"@graph\":[{\"@type\":\"WebPage\",\"@id\":\"http:\/\/meritum.mielec.pl\/?page_id=125\",\"url\":\"http:\/\/meritum.mielec.pl\/?page_id=125\",\"name\":\"Op\u0142aty \u015brodowiskowe - MERITUM\",\"isPartOf\":{\"@id\":\"https:\/\/meritum.mielec.pl\/#website\"},\"datePublished\":\"2023-11-10T14:09:55+00:00\",\"dateModified\":\"2025-12-02T16:45:03+00:00\",\"breadcrumb\":{\"@id\":\"http:\/\/meritum.mielec.pl\/?page_id=125#breadcrumb\"},\"inLanguage\":\"pl-PL\",\"potentialAction\":[{\"@type\":\"ReadAction\",\"target\":[\"http:\/\/meritum.mielec.pl\/?page_id=125\"]}]},{\"@type\":\"BreadcrumbList\",\"@id\":\"http:\/\/meritum.mielec.pl\/?page_id=125#breadcrumb\",\"itemListElement\":[{\"@type\":\"ListItem\",\"position\":1,\"name\":\"Home\",\"item\":\"https:\/\/meritum.mielec.pl\/\"},{\"@type\":\"ListItem\",\"position\":2,\"name\":\"Op\u0142aty \u015brodowiskowe\"}]},{\"@type\":\"WebSite\",\"@id\":\"https:\/\/meritum.mielec.pl\/#website\",\"url\":\"https:\/\/meritum.mielec.pl\/\",\"name\":\"MERITUM\",\"description\":\"ochrona \u015brodowiska\",\"publisher\":{\"@id\":\"https:\/\/meritum.mielec.pl\/#organization\"},\"potentialAction\":[{\"@type\":\"SearchAction\",\"target\":{\"@type\":\"EntryPoint\",\"urlTemplate\":\"https:\/\/meritum.mielec.pl\/?s={search_term_string}\"},\"query-input\":{\"@type\":\"PropertyValueSpecification\",\"valueRequired\":true,\"valueName\":\"search_term_string\"}}],\"inLanguage\":\"pl-PL\"},{\"@type\":\"Organization\",\"@id\":\"https:\/\/meritum.mielec.pl\/#organization\",\"name\":\"MERITUM\",\"url\":\"https:\/\/meritum.mielec.pl\/\",\"logo\":{\"@type\":\"ImageObject\",\"inLanguage\":\"pl-PL\",\"@id\":\"https:\/\/meritum.mielec.pl\/#\/schema\/logo\/image\/\",\"url\":\"http:\/\/meritum.mielec.pl\/wp-content\/uploads\/2023\/11\/cropped-Meritum-logo-scaled-1.jpg\",\"contentUrl\":\"http:\/\/meritum.mielec.pl\/wp-content\/uploads\/2023\/11\/cropped-Meritum-logo-scaled-1.jpg\",\"width\":2560,\"height\":532,\"caption\":\"MERITUM\"},\"image\":{\"@id\":\"https:\/\/meritum.mielec.pl\/#\/schema\/logo\/image\/\"}}]}<\/script>\n<!-- \/ Yoast SEO plugin. -->","yoast_head_json":{"title":"Op\u0142aty \u015brodowiskowe - MERITUM","robots":{"index":"index","follow":"follow","max-snippet":"max-snippet:-1","max-image-preview":"max-image-preview:large","max-video-preview":"max-video-preview:-1"},"canonical":"http:\/\/meritum.mielec.pl\/?page_id=125","og_locale":"pl_PL","og_type":"article","og_title":"Op\u0142aty \u015brodowiskowe - MERITUM","og_description":"Op\u0142aty \u015brodowiskowe, nazywane te\u017c op\u0142atami za korzystanie ze \u015brodowiska, to obowi\u0105zkowe op\u0142aty na rzecz pa\u0144stwa od firm, kt\u00f3rych dzia\u0142alno\u015b\u0107 generuje negatywny wp\u0142yw na \u015brodowisko, takich jak:&nbsp;   emisja gaz\u00f3w i py\u0142\u00f3w do ...","og_url":"http:\/\/meritum.mielec.pl\/?page_id=125","og_site_name":"MERITUM","article_modified_time":"2025-12-02T16:45:03+00:00","twitter_card":"summary_large_image","twitter_misc":{"Szacowany czas czytania":"1 minuta"},"schema":{"@context":"https:\/\/schema.org","@graph":[{"@type":"WebPage","@id":"http:\/\/meritum.mielec.pl\/?page_id=125","url":"http:\/\/meritum.mielec.pl\/?page_id=125","name":"Op\u0142aty \u015brodowiskowe - MERITUM","isPartOf":{"@id":"https:\/\/meritum.mielec.pl\/#website"},"datePublished":"2023-11-10T14:09:55+00:00","dateModified":"2025-12-02T16:45:03+00:00","breadcrumb":{"@id":"http:\/\/meritum.mielec.pl\/?page_id=125#breadcrumb"},"inLanguage":"pl-PL","potentialAction":[{"@type":"ReadAction","target":["http:\/\/meritum.mielec.pl\/?page_id=125"]}]},{"@type":"BreadcrumbList","@id":"http:\/\/meritum.mielec.pl\/?page_id=125#breadcrumb","itemListElement":[{"@type":"ListItem","position":1,"name":"Home","item":"https:\/\/meritum.mielec.pl\/"},{"@type":"ListItem","position":2,"name":"Op\u0142aty \u015brodowiskowe"}]},{"@type":"WebSite","@id":"https:\/\/meritum.mielec.pl\/#website","url":"https:\/\/meritum.mielec.pl\/","name":"MERITUM","description":"ochrona \u015brodowiska","publisher":{"@id":"https:\/\/meritum.mielec.pl\/#organization"},"potentialAction":[{"@type":"SearchAction","target":{"@type":"EntryPoint","urlTemplate":"https:\/\/meritum.mielec.pl\/?s={search_term_string}"},"query-input":{"@type":"PropertyValueSpecification","valueRequired":true,"valueName":"search_term_string"}}],"inLanguage":"pl-PL"},{"@type":"Organization","@id":"https:\/\/meritum.mielec.pl\/#organization","name":"MERITUM","url":"https:\/\/meritum.mielec.pl\/","logo":{"@type":"ImageObject","inLanguage":"pl-PL","@id":"https:\/\/meritum.mielec.pl\/#\/schema\/logo\/image\/","url":"http:\/\/meritum.mielec.pl\/wp-content\/uploads\/2023\/11\/cropped-Meritum-logo-scaled-1.jpg","contentUrl":"http:\/\/meritum.mielec.pl\/wp-content\/uploads\/2023\/11\/cropped-Meritum-logo-scaled-1.jpg","width":2560,"height":532,"caption":"MERITUM"},"image":{"@id":"https:\/\/meritum.mielec.pl\/#\/schema\/logo\/image\/"}}]}},"_links":{"self":[{"href":"http:\/\/meritum.mielec.pl\/index.php?rest_route=\/wp\/v2\/pages\/125","targetHints":{"allow":["GET"]}}],"collection":[{"href":"http:\/\/meritum.mielec.pl\/index.php?rest_route=\/wp\/v2\/pages"}],"about":[{"href":"http:\/\/meritum.mielec.pl\/index.php?rest_route=\/wp\/v2\/types\/page"}],"author":[{"embeddable":true,"href":"http:\/\/meritum.mielec.pl\/index.php?rest_route=\/wp\/v2\/users\/1"}],"replies":[{"embeddable":true,"href":"http:\/\/meritum.mielec.pl\/index.php?rest_route=%2Fwp%2Fv2%2Fcomments&post=125"}],"version-history":[{"count":2,"href":"http:\/\/meritum.mielec.pl\/index.php?rest_route=\/wp\/v2\/pages\/125\/revisions"}],"predecessor-version":[{"id":151,"href":"http:\/\/meritum.mielec.pl\/index.php?rest_route=\/wp\/v2\/pages\/125\/revisions\/151"}],"wp:attachment":[{"href":"http:\/\/meritum.mielec.pl\/index.php?rest_route=%2Fwp%2Fv2%2Fmedia&parent=125"}],"curies":[{"name":"wp","href":"https:\/\/api.w.org\/{rel}","templated":true}]}}