{"id":121,"date":"2023-11-10T15:08:25","date_gmt":"2023-11-10T14:08:25","guid":{"rendered":"http:\/\/nowa.meritum.mielec.pl\/?page_id=121"},"modified":"2025-12-02T17:49:01","modified_gmt":"2025-12-02T16:49:01","slug":"outsourcing-ochrona-srodowiska","status":"publish","type":"page","link":"http:\/\/meritum.mielec.pl\/?page_id=121","title":{"rendered":"Outsourcing Ochrona \u015arodowiska"},"content":{"rendered":"\n<p>Outsourcing ochrony \u015brodowiska to us\u0142uga polegaj\u0105ca na powierzeniu naszej firmie Pa\u0144stwa obowi\u0105zk\u00f3w w zakresie zgodno\u015bci z przepisami o ochronie \u015brodowiska. Pozwala to Pa\u0144stwu&nbsp; skupi\u0107 si\u0119 na podstawowej dzia\u0142alno\u015bci, zredukowa\u0107 koszty zwi\u0105zane z zatrudnianiem wewn\u0119trznych specjalist\u00f3w, unikn\u0105\u0107 wysokich kar za naruszenia przepis\u00f3w oraz profesjonalnie zarz\u0105dza\u0107 kwestiami takimi jak gospodarka odpadami, monitoring emisji, kontrole i sprawozdawczo\u015b\u0107.&nbsp;<\/p>\n\n\n\n<p><\/p>\n","protected":false},"excerpt":{"rendered":"<p>Outsourcing ochrony \u015brodowiska to us\u0142uga polegaj\u0105ca na powierzeniu naszej firmie Pa\u0144stwa obowi\u0105zk\u00f3w w zakresie zgodno\u015bci z przepisami o ochronie \u015brodowiska. Pozwala to Pa\u0144stwu&nbsp; skupi\u0107 si\u0119 na podstawowej dzia\u0142alno\u015bci, zredukowa\u0107 koszty &#8230;<\/p>\n","protected":false},"author":1,"featured_media":0,"parent":0,"menu_order":0,"comment_status":"closed","ping_status":"closed","template":"","meta":{"footnotes":""},"class_list":["post-121","page","type-page","status-publish","hentry"],"yoast_head":"<!-- This site is optimized with the Yoast SEO plugin v26.7 - https:\/\/yoast.com\/wordpress\/plugins\/seo\/ -->\n<title>Outsourcing Ochrona \u015arodowiska - MERITUM<\/title>\n<meta name=\"robots\" content=\"index, follow, max-snippet:-1, max-image-preview:large, max-video-preview:-1\" \/>\n<link rel=\"canonical\" href=\"http:\/\/meritum.mielec.pl\/?page_id=121\" \/>\n<meta property=\"og:locale\" content=\"pl_PL\" \/>\n<meta property=\"og:type\" content=\"article\" \/>\n<meta property=\"og:title\" content=\"Outsourcing Ochrona \u015arodowiska - MERITUM\" \/>\n<meta property=\"og:description\" content=\"Outsourcing ochrony \u015brodowiska to us\u0142uga polegaj\u0105ca na powierzeniu naszej firmie Pa\u0144stwa obowi\u0105zk\u00f3w w zakresie zgodno\u015bci z przepisami o ochronie \u015brodowiska. Pozwala to Pa\u0144stwu&nbsp; skupi\u0107 si\u0119 na podstawowej dzia\u0142alno\u015bci, zredukowa\u0107 koszty ...\" \/>\n<meta property=\"og:url\" content=\"http:\/\/meritum.mielec.pl\/?page_id=121\" \/>\n<meta property=\"og:site_name\" content=\"MERITUM\" \/>\n<meta property=\"article:modified_time\" content=\"2025-12-02T16:49:01+00:00\" \/>\n<meta name=\"twitter:card\" content=\"summary_large_image\" \/>\n<meta name=\"twitter:label1\" content=\"Szacowany czas czytania\" \/>\n\t<meta name=\"twitter:data1\" content=\"1 minuta\" \/>\n<script type=\"application\/ld+json\" class=\"yoast-schema-graph\">{\"@context\":\"https:\/\/schema.org\",\"@graph\":[{\"@type\":\"WebPage\",\"@id\":\"http:\/\/meritum.mielec.pl\/?page_id=121\",\"url\":\"http:\/\/meritum.mielec.pl\/?page_id=121\",\"name\":\"Outsourcing Ochrona \u015arodowiska - MERITUM\",\"isPartOf\":{\"@id\":\"https:\/\/meritum.mielec.pl\/#website\"},\"datePublished\":\"2023-11-10T14:08:25+00:00\",\"dateModified\":\"2025-12-02T16:49:01+00:00\",\"breadcrumb\":{\"@id\":\"http:\/\/meritum.mielec.pl\/?page_id=121#breadcrumb\"},\"inLanguage\":\"pl-PL\",\"potentialAction\":[{\"@type\":\"ReadAction\",\"target\":[\"http:\/\/meritum.mielec.pl\/?page_id=121\"]}]},{\"@type\":\"BreadcrumbList\",\"@id\":\"http:\/\/meritum.mielec.pl\/?page_id=121#breadcrumb\",\"itemListElement\":[{\"@type\":\"ListItem\",\"position\":1,\"name\":\"Home\",\"item\":\"https:\/\/meritum.mielec.pl\/\"},{\"@type\":\"ListItem\",\"position\":2,\"name\":\"Outsourcing Ochrona \u015arodowiska\"}]},{\"@type\":\"WebSite\",\"@id\":\"https:\/\/meritum.mielec.pl\/#website\",\"url\":\"https:\/\/meritum.mielec.pl\/\",\"name\":\"MERITUM\",\"description\":\"ochrona \u015brodowiska\",\"publisher\":{\"@id\":\"https:\/\/meritum.mielec.pl\/#organization\"},\"potentialAction\":[{\"@type\":\"SearchAction\",\"target\":{\"@type\":\"EntryPoint\",\"urlTemplate\":\"https:\/\/meritum.mielec.pl\/?s={search_term_string}\"},\"query-input\":{\"@type\":\"PropertyValueSpecification\",\"valueRequired\":true,\"valueName\":\"search_term_string\"}}],\"inLanguage\":\"pl-PL\"},{\"@type\":\"Organization\",\"@id\":\"https:\/\/meritum.mielec.pl\/#organization\",\"name\":\"MERITUM\",\"url\":\"https:\/\/meritum.mielec.pl\/\",\"logo\":{\"@type\":\"ImageObject\",\"inLanguage\":\"pl-PL\",\"@id\":\"https:\/\/meritum.mielec.pl\/#\/schema\/logo\/image\/\",\"url\":\"http:\/\/meritum.mielec.pl\/wp-content\/uploads\/2023\/11\/cropped-Meritum-logo-scaled-1.jpg\",\"contentUrl\":\"http:\/\/meritum.mielec.pl\/wp-content\/uploads\/2023\/11\/cropped-Meritum-logo-scaled-1.jpg\",\"width\":2560,\"height\":532,\"caption\":\"MERITUM\"},\"image\":{\"@id\":\"https:\/\/meritum.mielec.pl\/#\/schema\/logo\/image\/\"}}]}<\/script>\n<!-- \/ Yoast SEO plugin. -->","yoast_head_json":{"title":"Outsourcing Ochrona \u015arodowiska - MERITUM","robots":{"index":"index","follow":"follow","max-snippet":"max-snippet:-1","max-image-preview":"max-image-preview:large","max-video-preview":"max-video-preview:-1"},"canonical":"http:\/\/meritum.mielec.pl\/?page_id=121","og_locale":"pl_PL","og_type":"article","og_title":"Outsourcing Ochrona \u015arodowiska - MERITUM","og_description":"Outsourcing ochrony \u015brodowiska to us\u0142uga polegaj\u0105ca na powierzeniu naszej firmie Pa\u0144stwa obowi\u0105zk\u00f3w w zakresie zgodno\u015bci z przepisami o ochronie \u015brodowiska. Pozwala to Pa\u0144stwu&nbsp; skupi\u0107 si\u0119 na podstawowej dzia\u0142alno\u015bci, zredukowa\u0107 koszty ...","og_url":"http:\/\/meritum.mielec.pl\/?page_id=121","og_site_name":"MERITUM","article_modified_time":"2025-12-02T16:49:01+00:00","twitter_card":"summary_large_image","twitter_misc":{"Szacowany czas czytania":"1 minuta"},"schema":{"@context":"https:\/\/schema.org","@graph":[{"@type":"WebPage","@id":"http:\/\/meritum.mielec.pl\/?page_id=121","url":"http:\/\/meritum.mielec.pl\/?page_id=121","name":"Outsourcing Ochrona \u015arodowiska - MERITUM","isPartOf":{"@id":"https:\/\/meritum.mielec.pl\/#website"},"datePublished":"2023-11-10T14:08:25+00:00","dateModified":"2025-12-02T16:49:01+00:00","breadcrumb":{"@id":"http:\/\/meritum.mielec.pl\/?page_id=121#breadcrumb"},"inLanguage":"pl-PL","potentialAction":[{"@type":"ReadAction","target":["http:\/\/meritum.mielec.pl\/?page_id=121"]}]},{"@type":"BreadcrumbList","@id":"http:\/\/meritum.mielec.pl\/?page_id=121#breadcrumb","itemListElement":[{"@type":"ListItem","position":1,"name":"Home","item":"https:\/\/meritum.mielec.pl\/"},{"@type":"ListItem","position":2,"name":"Outsourcing Ochrona \u015arodowiska"}]},{"@type":"WebSite","@id":"https:\/\/meritum.mielec.pl\/#website","url":"https:\/\/meritum.mielec.pl\/","name":"MERITUM","description":"ochrona \u015brodowiska","publisher":{"@id":"https:\/\/meritum.mielec.pl\/#organization"},"potentialAction":[{"@type":"SearchAction","target":{"@type":"EntryPoint","urlTemplate":"https:\/\/meritum.mielec.pl\/?s={search_term_string}"},"query-input":{"@type":"PropertyValueSpecification","valueRequired":true,"valueName":"search_term_string"}}],"inLanguage":"pl-PL"},{"@type":"Organization","@id":"https:\/\/meritum.mielec.pl\/#organization","name":"MERITUM","url":"https:\/\/meritum.mielec.pl\/","logo":{"@type":"ImageObject","inLanguage":"pl-PL","@id":"https:\/\/meritum.mielec.pl\/#\/schema\/logo\/image\/","url":"http:\/\/meritum.mielec.pl\/wp-content\/uploads\/2023\/11\/cropped-Meritum-logo-scaled-1.jpg","contentUrl":"http:\/\/meritum.mielec.pl\/wp-content\/uploads\/2023\/11\/cropped-Meritum-logo-scaled-1.jpg","width":2560,"height":532,"caption":"MERITUM"},"image":{"@id":"https:\/\/meritum.mielec.pl\/#\/schema\/logo\/image\/"}}]}},"_links":{"self":[{"href":"http:\/\/meritum.mielec.pl\/index.php?rest_route=\/wp\/v2\/pages\/121","targetHints":{"allow":["GET"]}}],"collection":[{"href":"http:\/\/meritum.mielec.pl\/index.php?rest_route=\/wp\/v2\/pages"}],"about":[{"href":"http:\/\/meritum.mielec.pl\/index.php?rest_route=\/wp\/v2\/types\/page"}],"author":[{"embeddable":true,"href":"http:\/\/meritum.mielec.pl\/index.php?rest_route=\/wp\/v2\/users\/1"}],"replies":[{"embeddable":true,"href":"http:\/\/meritum.mielec.pl\/index.php?rest_route=%2Fwp%2Fv2%2Fcomments&post=121"}],"version-history":[{"count":4,"href":"http:\/\/meritum.mielec.pl\/index.php?rest_route=\/wp\/v2\/pages\/121\/revisions"}],"predecessor-version":[{"id":157,"href":"http:\/\/meritum.mielec.pl\/index.php?rest_route=\/wp\/v2\/pages\/121\/revisions\/157"}],"wp:attachment":[{"href":"http:\/\/meritum.mielec.pl\/index.php?rest_route=%2Fwp%2Fv2%2Fmedia&parent=121"}],"curies":[{"name":"wp","href":"https:\/\/api.w.org\/{rel}","templated":true}]}}